{"id":153,"date":"2017-08-20T08:01:46","date_gmt":"2017-08-20T08:01:46","guid":{"rendered":"http:\/\/avian.dexifly.com\/?page_id=153"},"modified":"2023-03-22T10:25:02","modified_gmt":"2023-03-22T09:25:02","slug":"home","status":"publish","type":"page","link":"https:\/\/korolko.pl\/italian-desk\/home\/","title":{"rendered":"Kancelaria Prawnicza Piotr Korolko &#8211; Italian Desk"},"content":{"rendered":"<div class=\"wpb-content-wrapper\"><div class=\"nolwrap\"><p>[vc_row full_width=&#8221;stretch_row&#8221; full_height=&#8221;yes&#8221; content_placement=&#8221;middle&#8221; awb_type=&#8221;image&#8221; awb_image_background_position=&#8221;50% 50%&#8221; awb_parallax=&#8221;scroll-opacity&#8221; awb_parallax_speed=&#8221;0.5&#8243; avian_row_font_color=&#8221;true&#8221; awb_image=&#8221;532&#8243;][vc_column width=&#8221;5\/12&#8243;][vc_column_text]<\/p>\n<h2>Italian Desk<\/h2>\n<p>Italian Desk to zesp\u00f3\u0142 prawnik\u00f3w naszej kancelarii dedykowany do obs\u0142ugi prawnej projekt\u00f3w zwi\u0105zanych z W\u0142ochami, wspierany przez w\u0142osk\u0105 kancelari\u0119 RUP Legal &amp; Consulting z siedzib\u0105 w Como. W ramach Italian Desk prowadzimy obs\u0142ug\u0119 prawn\u0105 projekt\u00f3w polskich i zagranicznych przedsi\u0119biorc\u00f3w realizowanych we W\u0142oszech, jak r\u00f3wnie\u017c w\u0142oskich firm w Polsce.<\/p>\n<p><a class=\"button button\" href=\"http:\/\/korolko.pl\/italian-desk\/#Us\u0142ugi\">ZOBACZ WI\u0118CEJ<\/a>[\/vc_column_text][\/vc_column][\/vc_row][vc_row full_width=&#8221;stretch_row&#8221; el_id=&#8221;Us\u0142ugi&#8221;][vc_column][vc_row_inner][vc_column_inner][vc_column_text]<\/p>\n<h3 class=\"bold\" style=\"text-align: center;\">W czym mo\u017cemy Ci pom\u00f3c?<\/h3>\n<p class=\"lead\" style=\"text-align: center;\">Dzi\u0119ki zespo\u0142owi Italian Desk oraz wsparciu w\u0142oskiej kancelarii RUP Legal &amp; Consulting \u015bwiadczymy najwy\u017cszej jako\u015bci us\u0142ugi prawnicze zar\u00f3wno dla polskich, jak i w\u0142oskich Klient\u00f3w.<\/p>\n<p>[\/vc_column_text][\/vc_column_inner][\/vc_row_inner][\/vc_column][vc_column width=&#8221;1\/3&#8243;][vc_column_text]<\/p>\n<p style=\"text-align: center;\"><strong>\u015awiadczymy us\u0142ugi prawne w Polsce i we W\u0142oszech<\/strong><\/p>\n<p style=\"text-align: justify;\">Naszym atutem, wyr\u00f3\u017cniaj\u0105cym nas spo\u015br\u00f3d wielu innych kancelarii posiadaj\u0105cych sekcje mi\u0119dzynarodowe, jest mo\u017cliwo\u015b\u0107 kompleksowej obs\u0142ugi prawnej\u00a0 jednocze\u015bnie na terytorium Polski i W\u0142och. Tak efektywny system \u015bwiadczenia pomocy prawnej, r\u00f3wnolegle w dw\u00f3ch r\u00f3\u017cnych pa\u0144stwach europejskich, zosta\u0142 wypracowany dzi\u0119ki sta\u0142ej obecno\u015bci prawnik\u00f3w naszego zespo\u0142u Italian Desk we W\u0142oszech, sta\u0142ej obecno\u015bci naszego w\u0142oskiego konsultanta w Warszawie oraz wsp\u00f3\u0142pracy z w\u0142osk\u0105 kancelari\u0105 RUP Legal &amp; Consulting. Jeste\u015bmy w stanie zapewni\u0107 kompleksow\u0105 pomoc prawn\u0105 naszym klientom w sprawach z zakresu jurysdykcji polskiej i w\u0142oskiej.<\/p>\n<p>[\/vc_column_text][vc_column_text]<\/p>\n<p style=\"text-align: justify;\"><strong>Pomagamy w sprawach rodzinnych, prawa pracy oraz w zakresie prawa spadkowego<\/strong><\/p>\n<p style=\"text-align: justify;\">Nasze us\u0142ugi nie ograniczaj\u0105 si\u0119 tylko do przedsi\u0119biorc\u00f3w. Zapewniamy r\u00f3wnie\u017c pomoc prawn\u0105 polsko-w\u0142oskim rodzinom oraz pracownikom zatrudnionym w Polsce lub we W\u0142oszech.<\/p>\n<p>[\/vc_column_text][\/vc_column][vc_column width=&#8221;1\/3&#8243;][vc_column_text]<\/p>\n<p style=\"text-align: center;\"><strong>Obs\u0142ugujemy polskich przedsi\u0119biorc\u00f3w na terenie W\u0142och <\/strong><\/p>\n<p style=\"text-align: justify;\">Nasz zesp\u00f3\u0142 Italian Desk zapewnia pomoc prawn\u0105 polskim przedsi\u0119biorcom we wszystkich aspektach zwi\u0105zanych z W\u0142ochami. Oferujemy wsparcie prawne w zakresie rozpocz\u0119cia i prowadzenia sta\u0142ej dzia\u0142alno\u015bci gospodarczej we W\u0142oszech, jak r\u00f3wnie\u017c \u015bwiadczymy us\u0142ugi w kwestiach incydentalnych &#8211; np. umowy lub sporu z w\u0142oskim kontrahentem. Nasi prawnicy mog\u0105 by\u0107 pe\u0142nomocnikami procesowymi we W\u0142oszech i reprezentowa\u0107 naszych klient\u00f3w przed s\u0105dami.<\/p>\n<p>[\/vc_column_text][vc_column_text]<\/p>\n<p style=\"text-align: center;\"><strong>Obs\u0142ugujemy w\u0142oskich przedsi\u0119biorc\u00f3w w Polsce <\/strong><\/p>\n<p style=\"text-align: justify;\">Nasze us\u0142ugi obejmuj\u0105 tak\u017ce wszelk\u0105 pomoc prawn\u0105 w\u0142oskim firmom w Polsce. Rejestrujemy sp\u00f3\u0142ki dla naszych klient\u00f3w, a tak\u017ce wspieramy ich w bie\u017c\u0105cej dzia\u0142alno\u015bci w Polsce. Obs\u0142ugujemy tak\u017ce od strony prawnej pojedyncze transakcje pomi\u0119dzy w\u0142oskimi i polskimi firmami.<\/p>\n<p>[\/vc_column_text][\/vc_column][vc_column width=&#8221;1\/3&#8243;][vc_column_text]<\/p>\n<p style=\"text-align: justify;\"><strong>W ramach przedstawionych us\u0142ug oferujemy wsparcie prawne zar\u00f3wno w Polsce, jak i we W\u0142oszech, w zakresie:<\/strong><\/p>\n<ul style=\"text-align: left;\">\n<li style=\"margin-bottom: 6px;\">zak\u0142adania sp\u00f3\u0142ek i rozpoczynania dzia\u0142alno\u015bci gospodarczej,<\/li>\n<li style=\"margin-bottom: 6px;\">opiniowania i sporz\u0105dzania projekt\u00f3w um\u00f3w z polskimi i w\u0142oskimi kontrahentami,<\/li>\n<li style=\"margin-bottom: 6px;\">prowadzenia spor\u00f3w s\u0105dowych,<\/li>\n<li style=\"margin-bottom: 6px;\">windykacji nale\u017cno\u015bci od kontrahent\u00f3w,<\/li>\n<li style=\"margin-bottom: 6px;\">spraw z zakresu w\u0142asno\u015bci intelektualnej, w tym rejestracji znak\u00f3w towarowych i narusze\u0144 praw ochronnych na znak towarowe,<\/li>\n<li style=\"margin-bottom: 6px;\">prawa konkurencji,<\/li>\n<li style=\"margin-bottom: 6px;\">sporz\u0105dzania opinii prawnych,<\/li>\n<li style=\"margin-bottom: 6px;\">likwidacji dzia\u0142alno\u015bci (w tym likwidacji sp\u00f3\u0142ek),<\/li>\n<li style=\"margin-bottom: 6px;\">post\u0119powania upad\u0142o\u015bciowego i restrukturyzacyjnego.<\/li>\n<li style=\"margin-bottom: 6px;\">prawa podatkowego<\/li>\n<li>post\u0119powania administracyjnego.<\/li>\n<\/ul>\n<p>[\/vc_column_text][\/vc_column][vc_column width=&#8221;1\/3&#8243;][\/vc_column][\/vc_row][vc_row full_width=&#8221;stretch_row&#8221; awb_type=&#8221;color&#8221; awb_color=&#8221;#f4f4f4&#8243; el_id=&#8221;Zesp\u00f3\u0142&#8221;][vc_column][vc_row_inner][vc_column_inner width=&#8221;1\/4&#8243;][\/vc_column_inner][vc_column_inner width=&#8221;1\/2&#8243;][vc_column_text]<\/p>\n<h3 class=\"bold\" style=\"text-align: center;\">Poznaj zesp\u00f3\u0142 Italian Desk<\/h3>\n<p>[\/vc_column_text][\/vc_column_inner][vc_column_inner width=&#8221;1\/4&#8243;][\/vc_column_inner][\/vc_row_inner][vc_empty_space height=&#8221;64px&#8221;][vc_row_inner][vc_column_inner width=&#8221;1\/2&#8243;][vc_column_text]<\/p>\n<p style=\"text-align: center;\"><strong><img loading=\"lazy\" decoding=\"async\" class=\"aligncenter wp-image-729 size-full\" src=\"https:\/\/korolko.pl\/italian-desk\/wp-content\/uploads\/sites\/2\/2023\/03\/mario-rugiano.jpg\" alt=\"Mario Rugiano\" width=\"350\" height=\"438\" srcset=\"https:\/\/korolko.pl\/italian-desk\/wp-content\/uploads\/sites\/2\/2023\/03\/mario-rugiano.jpg 350w, https:\/\/korolko.pl\/italian-desk\/wp-content\/uploads\/sites\/2\/2023\/03\/mario-rugiano-240x300.jpg 240w\" sizes=\"(max-width: 350px) 100vw, 350px\" \/><\/strong><\/p>\n<p style=\"text-align: center;\"><strong>Avv. Mario Rugiano<\/strong><\/p>\n<p>[\/vc_column_text][vc_column_text]<\/p>\n<p style=\"text-align: justify;\">Adwokat, cz\u0142onek Izby Adwokackiej w Como i certyfikowany Inspektor Ochrony Danych.<\/p>\n<p style=\"text-align: justify;\">Zdobywa\u0142 do\u015bwiadczenie w mi\u0119dzynarodowych kancelariach prawnych oraz jako wewn\u0119trzny prawnik we w\u0142oskich i mi\u0119dzynarodowych korporacjach.<\/p>\n<p style=\"text-align: justify;\">Uzyska\u0142 tytu\u0142 LLM za zakresu um\u00f3w IT i jest autorem wielu publikacji na tematy prawnicze.<\/p>\n<p style=\"text-align: justify;\">Pomaga w\u0142oskim i mi\u0119dzynarodowym klientom m.in. w obszarze ochrony danych osobowych, prawa handlowego, prawa ubezpiecze\u0144 spo\u0142ecznych i obrotu nieruchomo\u015bciami.<\/p>\n<p style=\"text-align: justify;\">J\u0119zyki: w\u0142oski, polski, angielski<\/p>\n<p>[\/vc_column_text][\/vc_column_inner][vc_column_inner width=&#8221;1\/2&#8243;][vc_single_image image=&#8221;731&#8243; img_size=&#8221;350&#215;438&#8243; alignment=&#8221;center&#8221;][vc_column_text]<\/p>\n<p style=\"text-align: center;\"><strong>Avv. Marco Parini<\/strong><\/p>\n<p style=\"text-align: justify;\">Adwokat, cz\u0142onek Rady Adwokackiej w Mediolanie.<\/p>\n<p>Pracuj\u0105c w jednej z mediola\u0144skich kancelarii prawnych specjalizuj\u0105cej si\u0119 w prawie przemys\u0142owym, uzyska\u0142 do\u015bwiadczenie niezb\u0119dne do obs\u0142ugi klient\u00f3w, rozumienia ich potrzeb i proponowania najbardziej optymalnych rozwi\u0105za\u0144.<\/p>\n<p>Interesuje si\u0119 nowoczesnymi rozwi\u0105zaniami cyfrowymi i \u015bwiadczy us\u0142ugi z zakresu prawa nowych technologii i internetu.<\/p>\n<p>Od 2017 r. dzia\u0142a w CNA Milano (Krajowa Konfederacja Rzemios\u0142a oraz Ma\u0142ych i \u015arednich Przedsi\u0119biorstw) oraz jako prelegent w zakresie prawa cyfrowego na wydarzeniach przeznaczonych dla ma\u0142ych i \u015brednich firm.<\/p>\n<p>Oferuje r\u00f3wnie\u017c us\u0142ugi w zakresie e-commerce, w\u0142asno\u015bci intelektualnej oraz prawa przemys\u0142owego.<\/p>\n<p style=\"text-align: justify;\">Je\u0328zyki: w\u0142oski, angielski<\/p>\n<p>[\/vc_column_text][\/vc_column_inner][\/vc_row_inner][\/vc_column][\/vc_row][vc_row full_width=&#8221;stretch_row&#8221; el_id=&#8221;Kontakt&#8221;][vc_column][vc_row_inner][vc_column_inner width=&#8221;1\/6&#8243;][\/vc_column_inner][vc_column_inner width=&#8221;2\/3&#8243;][vc_column_text]<\/p>\n<h3 style=\"text-align: center;\">Kontakt<\/h3>\n<p style=\"text-align: center;\">Wype\u0142nij poni\u017cszy formularz lub skontaktuj si\u0119 z nami telefonicznie (tel. 22 463 47 70), b\u0105d\u017a mailowo (<a style=\"color: #f3990f;\" href=\"mailto:office@korolko.pl\">office@korolko.pl<\/a>).<\/p>\n<p>[\/vc_column_text][\/vc_column_inner][vc_column_inner width=&#8221;1\/6&#8243;][\/vc_column_inner][\/vc_row_inner][vc_empty_space height=&#8221;64px&#8221;][vc_row_inner][vc_column_inner width=&#8221;1\/6&#8243;][\/vc_column_inner][vc_column_inner width=&#8221;2\/3&#8243;]\n<div class=\"wpcf7 no-js\" id=\"wpcf7-f521-o1\" lang=\"en-US\" dir=\"ltr\">\n<div class=\"screen-reader-response\"><p role=\"status\" aria-live=\"polite\" aria-atomic=\"true\"><\/p> <ul><\/ul><\/div>\n<form action=\"\/italian-desk\/wp-json\/wp\/v2\/pages\/153#wpcf7-f521-o1\" method=\"post\" class=\"wpcf7-form init\" aria-label=\"Contact form\" novalidate=\"novalidate\" data-status=\"init\">\n<div style=\"display: none;\">\n<input type=\"hidden\" name=\"_wpcf7\" value=\"521\" \/>\n<input type=\"hidden\" name=\"_wpcf7_version\" value=\"5.9.8\" \/>\n<input type=\"hidden\" name=\"_wpcf7_locale\" value=\"en_US\" \/>\n<input type=\"hidden\" name=\"_wpcf7_unit_tag\" value=\"wpcf7-f521-o1\" \/>\n<input type=\"hidden\" name=\"_wpcf7_container_post\" value=\"0\" \/>\n<input type=\"hidden\" name=\"_wpcf7_posted_data_hash\" value=\"\" \/>\n<input type=\"hidden\" name=\"_wpcf7_recaptcha_response\" value=\"\" \/>\n<\/div>\n<div class=\"row\">\n\t<div class=\"col-md-12\">\n\t\t<p><label for=\"contact-email\"> Adres e-mail:<\/label><span class=\"wpcf7-form-control-wrap\" data-name=\"your-email\"><input size=\"40\" maxlength=\"400\" class=\"wpcf7-form-control wpcf7-email wpcf7-validates-as-required wpcf7-text wpcf7-validates-as-email\" id=\"contact-email\" aria-required=\"true\" aria-invalid=\"false\" value=\"\" type=\"email\" name=\"your-email\" \/><\/span>\n\t\t<\/p>\n\t<\/div>\n\t<div class=\"col-md-12\">\n\t\t<p><label for=\"contact-message\"> Tre\u015b\u0107 wiadomo\u015bci: <\/label><span class=\"wpcf7-form-control-wrap\" data-name=\"your-message\"><textarea cols=\"40\" rows=\"10\" maxlength=\"2000\" class=\"wpcf7-form-control wpcf7-textarea wpcf7-validates-as-required\" id=\"contact-message\" aria-required=\"true\" aria-invalid=\"false\" name=\"your-message\"><\/textarea><\/span>\n\t\t<\/p>\n\t<\/div>\n\t<div class=\"col-md-12 text-right\">\n\t\t<p><input class=\"wpcf7-form-control wpcf7-submit has-spinner\" type=\"submit\" value=\"Wy\u015blij\" \/>\n\t\t<\/p>\n\t<\/div>\n<\/div><p style=\"display: none !important;\" class=\"akismet-fields-container\" data-prefix=\"_wpcf7_ak_\"><label>&#916;<textarea name=\"_wpcf7_ak_hp_textarea\" cols=\"45\" rows=\"8\" maxlength=\"100\"><\/textarea><\/label><input type=\"hidden\" id=\"ak_js_1\" name=\"_wpcf7_ak_js\" value=\"73\"\/><script>document.getElementById( \"ak_js_1\" ).setAttribute( \"value\", ( new Date() ).getTime() );<\/script><\/p><div class=\"wpcf7-response-output\" aria-hidden=\"true\"><\/div>\n<\/form>\n<\/div>\n[\/vc_column_inner][vc_column_inner width=&#8221;1\/6&#8243;][\/vc_column_inner][\/vc_row_inner][\/vc_column][\/vc_row]<\/p>\n<\/div><\/div>","protected":false},"excerpt":{"rendered":"<p>[vc_row full_width=&#8221;stretch_row&#8221; full_height=&#8221;yes&#8221; content_placement=&#8221;middle&#8221; awb_type=&#8221;image&#8221; awb_image_background_position=&#8221;50% 50%&#8221; awb_parallax=&#8221;scroll-opacity&#8221; awb_parallax_speed=&#8221;0.5&#8243; avian_row_font_color=&#8221;true&#8221; awb_image=&#8221;532&#8243;][vc_column width=&#8221;5\/12&#8243;][vc_column_text] Italian Desk Italian Desk to zesp\u00f3\u0142 prawnik\u00f3w naszej kancelarii dedykowany do obs\u0142ugi prawnej projekt\u00f3w zwi\u0105zanych z W\u0142ochami, wspierany przez w\u0142osk\u0105 kancelari\u0119 RUP Legal &amp; Consulting z siedzib\u0105 w Como. W ramach Italian Desk prowadzimy obs\u0142ug\u0119 prawn\u0105 projekt\u00f3w polskich i zagranicznych przedsi\u0119biorc\u00f3w realizowanych we [&hellip;]<\/p>\n","protected":false},"author":1,"featured_media":0,"parent":0,"menu_order":0,"comment_status":"closed","ping_status":"closed","template":"","meta":{"jetpack_post_was_ever_published":false,"footnotes":"","_wp_rev_ctl_limit":""},"class_list":["post-153","page","type-page","status-publish","hentry"],"jetpack_sharing_enabled":true,"jetpack_shortlink":"https:\/\/wp.me\/P9tN3g-2t","_links":{"self":[{"href":"https:\/\/korolko.pl\/italian-desk\/wp-json\/wp\/v2\/pages\/153"}],"collection":[{"href":"https:\/\/korolko.pl\/italian-desk\/wp-json\/wp\/v2\/pages"}],"about":[{"href":"https:\/\/korolko.pl\/italian-desk\/wp-json\/wp\/v2\/types\/page"}],"author":[{"embeddable":true,"href":"https:\/\/korolko.pl\/italian-desk\/wp-json\/wp\/v2\/users\/1"}],"replies":[{"embeddable":true,"href":"https:\/\/korolko.pl\/italian-desk\/wp-json\/wp\/v2\/comments?post=153"}],"version-history":[{"count":92,"href":"https:\/\/korolko.pl\/italian-desk\/wp-json\/wp\/v2\/pages\/153\/revisions"}],"predecessor-version":[{"id":737,"href":"https:\/\/korolko.pl\/italian-desk\/wp-json\/wp\/v2\/pages\/153\/revisions\/737"}],"wp:attachment":[{"href":"https:\/\/korolko.pl\/italian-desk\/wp-json\/wp\/v2\/media?parent=153"}],"curies":[{"name":"wp","href":"https:\/\/api.w.org\/{rel}","templated":true}]}}